{"id":675,"date":"2020-11-23T14:51:50","date_gmt":"2020-11-23T14:51:50","guid":{"rendered":"https:\/\/fitplanet.ch\/?page_id=675"},"modified":"2025-07-02T13:27:21","modified_gmt":"2025-07-02T13:27:21","slug":"benessere","status":"publish","type":"page","link":"https:\/\/fitplanet.ch\/it\/benessere\/","title":{"rendered":"Benessere"},"content":{"rendered":"<div class=\"wpb-content-wrapper\"><p>[vc_row css_animation=&#8221;&#8221; row_type=&#8221;row&#8221; use_row_as_full_screen_section=&#8221;no&#8221; type=&#8221;grid&#8221; angled_section=&#8221;no&#8221; text_align=&#8221;left&#8221; background_image_as_pattern=&#8221;without_pattern&#8221; z_index=&#8221;&#8221; css=&#8221;.vc_custom_1607343423531{margin-top: 150px !important;background-position: center !important;background-repeat: no-repeat !important;background-size: cover !important;}&#8221;][vc_column width=&#8221;2\/3&#8243;][vc_column_text]<\/p>\n<h1>Benessere<\/h1>\n<p>La salute \u00e8 lo stato di completo benessere fisico, mentale e sociale e non solo l&#8217;assenza di malattie e infermit\u00e0. (Definizione dell&#8217;WHO)<\/p>\n<p>Il modo migliore per prevenire le malattie \u00e8 la prevenzione. Grazie ai nostri prodotti di integratori alimentari unici al mondo, sicuri e brevettati, le cellule vengono fornite con un massimo di vitalit\u00e0, micronutrienti e ossigeno. Con questo supporto, il corpo pu\u00f2 disintossicarsi meglio, disacidificarsi e proteggersi dai radicali liberi (stress ossidativo). Inoltre, ha luogo la rivitalizzazione intestinale di enorme importanza, per un migliore assorbimento in generale e un forte sistema immunitario.<\/p>\n<p>&nbsp;<\/p>\n<h3>Il possibile effetto:<\/h3>\n<ul>\n<li>Pi\u00f9 benessere, gioia di vivere ed energia<\/li>\n<li>Migliore fitness e stabilit\u00e0 fisica, mentale ed emotiva<\/li>\n<li>Rigenerazione pi\u00f9 veloce<\/li>\n<li>Attivazione dei poteri di autoguarigione<\/li>\n<\/ul>\n<p>&nbsp;<\/p>\n<p>Prevenire \u00e8 pi\u00f9 facile che curare.<\/p>\n<p>&nbsp;<\/p>\n<p>&nbsp;<\/p>\n<h1><\/h1>\n<h1>integratore alimentare??<\/h1>\n<p><strong>Gli integratori alimentari affrontano le cause e non i sintomi.<\/strong><\/p>\n<p>La medicina ortomolecolare si \u00e8 sviluppata dalla conoscenza della situazione nutrizionale. Si tratta esclusivamente di sostanze naturalmente presenti nell&#8217;organismo e dell&#8217;apporto di sostanze naturali da cui dipende l&#8217;organismo umano. Si tratta ad esempio di vitamine, antiossidanti, minerali, oligoelementi, acidi grassi, amminoacidi. Anche gli enzimi presenti nell&#8217;organismo umano appartengono al campo di questa medicina.<\/p>\n<p>&nbsp;<\/p>\n<p>Il principio della medicina ortomolecolare \u00e8 molto semplice: ogni organismo ha bisogno di sostanze nutritive vitali. Questa esigenza deve essere soddisfatta per mantenere la persona in buona salute.<\/p>\n<p>&nbsp;<\/p>\n<p>Per saperne di pi\u00f9 sui nostri integratori alimentari olistici. Prevenire \u00e8 pi\u00f9 facile che curare.<\/p>\n<p>&nbsp;<\/p>\n<p>&nbsp;<\/p>\n<h1>Energia delle celle<\/h1>\n<p>La maggior parte delle persone non \u00e8 consapevole di come l&#8217;energia del nostro corpo influenzi la nostra coscienza, il nostro pensiero e il nostro sentimento. Un corpo senza energia \u00e8 una fonte essenziale di disagio e disarmonia.<br \/>\nAumentare l&#8217;energia del corpo \u00e8 possibile anche in caso di malattia e favorisce l&#8217;autoguarigione.<br \/>\nCos\u00ec il benessere fisico diventa una base di supporto, anche in tempi di sfide mentali ed emotive.<\/p>\n<p>&nbsp;<\/p>\n<p>L&#8217;integrazione nutrizionale con la massima biodisponibilit\u00e0, sinergia ed effetto \u00e8 il fattore decisivo.<br \/>\nQuesto \u00e8 ci\u00f2 che rende i nostri integratori alimentari cos\u00ec efficaci e unici. Porta le sostanze vitali esattamente dove sono necessarie &#8211; nelle cellule &#8211; e questo con un effetto dimostrato, 5-10 volte superiore e pi\u00f9 veloce.<\/p>\n<p>&nbsp;<\/p>\n<h3>Quali benefici si ottengono dagli integratori alimentari?<\/h3>\n<p>Tutte le altre prescrizioni e terapie possono avere un effetto pi\u00f9 rapido e migliore. Grazie all&#8217;integratore alimentare olistico e naturale, l&#8217;intestino viene rivitalizzato dopo 3-6 mesi. Circa l&#8217;80% del sistema immunitario si trova nell&#8217;intestino. Ci\u00f2 che \u00e8 la radice dell&#8217;albero \u00e8 l&#8217;intestino negli esseri umani.<\/p>\n<p>&nbsp;<\/p>\n<p>Ho avuto le migliori esperienze con questo ingegnoso integratore alimentare e sono entusiasta.[\/vc_column_text][vc_empty_space]<a  itemprop=\"url\" href=\"https:\/\/www.fitline.com\/it\/it-it?sponsor=271781\" target=\"_blank\"  class=\"qbutton  default\" style=\"font-size: 14px; \">Negozio online integratore alimentare<\/a>[vc_empty_space][\/vc_column][vc_column width=&#8221;1\/3&#8243;][vc_single_image image=&#8221;1349&#8243; img_size=&#8221;full&#8221; style=&#8221;vc_box_border&#8221; qode_css_animation=&#8221;&#8221;][\/vc_column][\/vc_row][vc_row css_animation=&#8221;&#8221; row_type=&#8221;row&#8221; use_row_as_full_screen_section=&#8221;no&#8221; type=&#8221;grid&#8221; angled_section=&#8221;no&#8221; text_align=&#8221;center&#8221; background_image_as_pattern=&#8221;without_pattern&#8221; z_index=&#8221;&#8221; css=&#8221;.vc_custom_1606291480272{margin-top: 100px !important;}&#8221;][vc_column css_animation=&#8221;fadeInUp&#8221; width=&#8221;1\/3&#8243;][vc_single_image image=&#8221;1173&#8243; img_size=&#8221;full&#8221; qode_css_animation=&#8221;&#8221; qode_hover_animation=&#8221;zoom_in&#8221;][qode_elements_holder number_of_columns=&#8221;one_column&#8221;][qode_elements_holder_item advanced_animations=&#8221;no&#8221; background_color=&#8221;#ffffff&#8221; item_padding=&#8221;50px 60px 0px 60px&#8221; custom_class=&#8221;column-with-shadow&#8221;][vc_column_text]<\/p>\n<h2>Sport<\/h2>\n<p>[\/vc_column_text][vc_empty_space height=&#8221;30px&#8221;]<a  itemprop=\"url\" href=\"https:\/\/fitplanet.ch\/sport\/?lang=it\" target=\"_self\"  class=\"qbutton  center default\" style=\"font-size: 15px; \">leggi tutto<\/a>[vc_empty_space height=&#8221;80px&#8221;][\/qode_elements_holder_item][\/qode_elements_holder][vc_empty_space height=&#8221;30px&#8221;][\/vc_column][vc_column css_animation=&#8221;fadeInUp&#8221; width=&#8221;1\/3&#8243;][vc_single_image image=&#8221;1400&#8243; img_size=&#8221;434&#215;289&#8243; qode_css_animation=&#8221;&#8221; qode_hover_animation=&#8221;zoom_in&#8221;][qode_elements_holder number_of_columns=&#8221;one_column&#8221;][qode_elements_holder_item advanced_animations=&#8221;no&#8221; background_color=&#8221;#ffffff&#8221; item_padding=&#8221;50px 60px 0px 60px&#8221; custom_class=&#8221;column-with-shadow&#8221;][vc_column_text]<\/p>\n<h2>Benessere<\/h2>\n<p>[\/vc_column_text][vc_empty_space height=&#8221;30px&#8221;]<a  itemprop=\"url\" href=\"https:\/\/fitplanet.ch\/benessere\/?lang=it\" target=\"_self\"  class=\"qbutton  center default\" style=\"font-size: 15px; \">leggi tutto<\/a>[vc_empty_space height=&#8221;80px&#8221;][\/qode_elements_holder_item][\/qode_elements_holder][vc_empty_space height=&#8221;30px&#8221;][\/vc_column][vc_column css_animation=&#8221;fadeInUp&#8221; width=&#8221;1\/3&#8243;][vc_single_image image=&#8221;1227&#8243; img_size=&#8221;full&#8221; qode_css_animation=&#8221;&#8221; qode_hover_animation=&#8221;zoom_in&#8221;][qode_elements_holder number_of_columns=&#8221;one_column&#8221;][qode_elements_holder_item advanced_animations=&#8221;no&#8221; background_color=&#8221;#ffffff&#8221; item_padding=&#8221;50px 60px 0px 60px&#8221; custom_class=&#8221;column-with-shadow&#8221;][vc_column_text]<\/p>\n<h2>Squadra<\/h2>\n<p>[\/vc_column_text][vc_empty_space height=&#8221;30px&#8221;]<a  itemprop=\"url\" href=\"https:\/\/fitplanet.ch\/squadra\/?lang=it\" target=\"_self\"  class=\"qbutton  center default\" style=\"font-size: 15px; \">leggi tutto<\/a>[vc_empty_space height=&#8221;80px&#8221;][\/qode_elements_holder_item][\/qode_elements_holder][vc_empty_space height=&#8221;30px&#8221;][\/vc_column][\/vc_row][vc_row css_animation=&#8221;&#8221; row_type=&#8221;row&#8221; use_row_as_full_screen_section=&#8221;no&#8221; type=&#8221;full_width&#8221; angled_section=&#8221;no&#8221; text_align=&#8221;left&#8221; background_image_as_pattern=&#8221;without_pattern&#8221;][vc_column][vc_empty_space height=&#8221;250px&#8221;][\/vc_column][\/vc_row][vc_row css_animation=&#8221;&#8221; row_type=&#8221;row&#8221; use_row_as_full_screen_section=&#8221;no&#8221; type=&#8221;grid&#8221; angled_section=&#8221;no&#8221; text_align=&#8221;left&#8221; background_image_as_pattern=&#8221;without_pattern&#8221; background_image=&#8221;595&#8243; z_index=&#8221;&#8221;][vc_column offset=&#8221;vc_hidden-xs&#8221;][vc_empty_space height=&#8221;200px&#8221;][vc_column_text]<\/p>\n<div class=\"wpb_text_column wpb_content_element \">\n<div class=\"wpb_wrapper\">\n<h5>Per il vostro ordine<\/h5>\n<h5>+41 79 200 41 21 \/ +39 333 907 33 41<\/h5>\n<h5>mail@fitplanet.ch<\/h5>\n<\/div>\n<\/div>\n<p>[\/vc_column_text][vc_empty_space height=&#8221;30px&#8221;]<a  itemprop=\"url\" href=\"https:\/\/www.fitline.com\/it\/it-it?sponsor=271781\" target=\"_blank\"  class=\"qbutton  center white default\" style=\"\">Negozio online Integratore alimentare<\/a>[vc_empty_space height=&#8221;200px&#8221;][\/vc_column][\/vc_row]<\/p>\n<\/div>","protected":false},"excerpt":{"rendered":"<p>[vc_row css_animation=&#8221;&#8221; row_type=&#8221;row&#8221; use_row_as_full_screen_section=&#8221;no&#8221; type=&#8221;grid&#8221; angled_section=&#8221;no&#8221; text_align=&#8221;left&#8221; background_image_as_pattern=&#8221;without_pattern&#8221; z_index=&#8221;&#8221; css=&#8221;.vc_custom_1607343423531{margin-top: 150px !important;background-position: center !important;background-repeat: no-repeat !important;background-size: cover !important;}&#8221;][vc_column width=&#8221;2\/3&#8243;][vc_column_text] Benessere La salute \u00e8 lo stato di completo benessere fisico, mentale e sociale e non solo l&#8217;assenza di malattie e infermit\u00e0. (Definizione dell&#8217;WHO) Il modo migliore&#8230;<\/p>\n","protected":false},"author":1,"featured_media":765,"parent":0,"menu_order":0,"comment_status":"closed","ping_status":"closed","template":"full_width.php","meta":{"footnotes":""},"class_list":["post-675","page","type-page","status-publish","has-post-thumbnail","hentry"],"yoast_head":"<!-- This site is optimized with the Yoast SEO plugin v26.1.1 - https:\/\/yoast.com\/wordpress\/plugins\/seo\/ -->\n<title>Benessere &#187; fitplanet &#187; Erleben Sie Resultate mit Nahrungserg\u00e4nzung<\/title>\n<meta name=\"robots\" content=\"index, follow, max-snippet:-1, max-image-preview:large, max-video-preview:-1\" \/>\n<link rel=\"canonical\" href=\"https:\/\/fitplanet.ch\/benessere\/?lang=it\" \/>\n<meta property=\"og:locale\" content=\"it_IT\" \/>\n<meta property=\"og:type\" content=\"article\" \/>\n<meta property=\"og:title\" content=\"Benessere &#187; fitplanet &#187; Erleben Sie Resultate mit Nahrungserg\u00e4nzung\" \/>\n<meta property=\"og:description\" content=\"[vc_row css_animation=&#8221;&#8221; row_type=&#8221;row&#8221; use_row_as_full_screen_section=&#8221;no&#8221; type=&#8221;grid&#8221; angled_section=&#8221;no&#8221; text_align=&#8221;left&#8221; background_image_as_pattern=&#8221;without_pattern&#8221; z_index=&#8221;&#8221; css=&#8221;.vc_custom_1607343423531{margin-top: 150px !important;background-position: center !important;background-repeat: no-repeat !important;background-size: cover !important;}&#8221;][vc_column width=&#8221;2\/3&#8243;][vc_column_text] Benessere La salute \u00e8 lo stato di completo benessere fisico, mentale e sociale e non solo l&#8217;assenza di malattie e infermit\u00e0. (Definizione dell&#8217;WHO) Il modo migliore...\" \/>\n<meta property=\"og:url\" content=\"https:\/\/fitplanet.ch\/benessere\/?lang=it\" \/>\n<meta property=\"og:site_name\" content=\"fitplanet\" \/>\n<meta property=\"article:modified_time\" content=\"2025-07-02T13:27:21+00:00\" \/>\n<meta property=\"og:image\" content=\"https:\/\/fitplanet.ch\/wp-content\/uploads\/2020\/11\/mineral-water-1532300-scaled.jpg\" \/>\n\t<meta property=\"og:image:width\" content=\"2560\" \/>\n\t<meta property=\"og:image:height\" content=\"1707\" \/>\n\t<meta property=\"og:image:type\" content=\"image\/jpeg\" \/>\n<meta name=\"twitter:card\" content=\"summary_large_image\" \/>\n<meta name=\"twitter:label1\" content=\"Tempo di lettura stimato\" \/>\n\t<meta name=\"twitter:data1\" content=\"5 minuti\" \/>\n<script type=\"application\/ld+json\" class=\"yoast-schema-graph\">{\"@context\":\"https:\/\/schema.org\",\"@graph\":[{\"@type\":\"WebPage\",\"@id\":\"https:\/\/fitplanet.ch\/benessere\/?lang=it\",\"url\":\"https:\/\/fitplanet.ch\/benessere\/?lang=it\",\"name\":\"Benessere &#187; fitplanet &#187; Erleben Sie Resultate mit Nahrungserg\u00e4nzung\",\"isPartOf\":{\"@id\":\"https:\/\/fitplanet.ch\/#website\"},\"primaryImageOfPage\":{\"@id\":\"https:\/\/fitplanet.ch\/benessere\/?lang=it#primaryimage\"},\"image\":{\"@id\":\"https:\/\/fitplanet.ch\/benessere\/?lang=it#primaryimage\"},\"thumbnailUrl\":\"https:\/\/fitplanet.ch\/wp-content\/uploads\/2020\/11\/mineral-water-1532300-scaled.jpg\",\"datePublished\":\"2020-11-23T14:51:50+00:00\",\"dateModified\":\"2025-07-02T13:27:21+00:00\",\"breadcrumb\":{\"@id\":\"https:\/\/fitplanet.ch\/benessere\/?lang=it#breadcrumb\"},\"inLanguage\":\"it-IT\",\"potentialAction\":[{\"@type\":\"ReadAction\",\"target\":[\"https:\/\/fitplanet.ch\/benessere\/?lang=it\"]}]},{\"@type\":\"ImageObject\",\"inLanguage\":\"it-IT\",\"@id\":\"https:\/\/fitplanet.ch\/benessere\/?lang=it#primaryimage\",\"url\":\"https:\/\/fitplanet.ch\/wp-content\/uploads\/2020\/11\/mineral-water-1532300-scaled.jpg\",\"contentUrl\":\"https:\/\/fitplanet.ch\/wp-content\/uploads\/2020\/11\/mineral-water-1532300-scaled.jpg\",\"width\":2560,\"height\":1707,\"caption\":\"Wohlbefinden\"},{\"@type\":\"BreadcrumbList\",\"@id\":\"https:\/\/fitplanet.ch\/benessere\/?lang=it#breadcrumb\",\"itemListElement\":[{\"@type\":\"ListItem\",\"position\":1,\"name\":\"Startseite\",\"item\":\"https:\/\/fitplanet.ch\/it\/\"},{\"@type\":\"ListItem\",\"position\":2,\"name\":\"Benessere\"}]},{\"@type\":\"WebSite\",\"@id\":\"https:\/\/fitplanet.ch\/#website\",\"url\":\"https:\/\/fitplanet.ch\/\",\"name\":\"fitplanet\",\"description\":\"Erleben Sie Resultate mit Nahrungserg\u00e4nzung\",\"publisher\":{\"@id\":\"https:\/\/fitplanet.ch\/#organization\"},\"potentialAction\":[{\"@type\":\"SearchAction\",\"target\":{\"@type\":\"EntryPoint\",\"urlTemplate\":\"https:\/\/fitplanet.ch\/?s={search_term_string}\"},\"query-input\":{\"@type\":\"PropertyValueSpecification\",\"valueRequired\":true,\"valueName\":\"search_term_string\"}}],\"inLanguage\":\"it-IT\"},{\"@type\":\"Organization\",\"@id\":\"https:\/\/fitplanet.ch\/#organization\",\"name\":\"Fitplanet\",\"url\":\"https:\/\/fitplanet.ch\/\",\"logo\":{\"@type\":\"ImageObject\",\"inLanguage\":\"it-IT\",\"@id\":\"https:\/\/fitplanet.ch\/#\/schema\/logo\/image\/\",\"url\":\"https:\/\/fitplanet.ch\/wp-content\/uploads\/2020\/11\/prov-logo-1-e1606121755379.png\",\"contentUrl\":\"https:\/\/fitplanet.ch\/wp-content\/uploads\/2020\/11\/prov-logo-1-e1606121755379.png\",\"width\":494,\"height\":124,\"caption\":\"Fitplanet\"},\"image\":{\"@id\":\"https:\/\/fitplanet.ch\/#\/schema\/logo\/image\/\"}}]}<\/script>\n<!-- \/ Yoast SEO plugin. -->","yoast_head_json":{"title":"Benessere &#187; fitplanet &#187; Erleben Sie Resultate mit Nahrungserg\u00e4nzung","robots":{"index":"index","follow":"follow","max-snippet":"max-snippet:-1","max-image-preview":"max-image-preview:large","max-video-preview":"max-video-preview:-1"},"canonical":"https:\/\/fitplanet.ch\/benessere\/?lang=it","og_locale":"it_IT","og_type":"article","og_title":"Benessere &#187; fitplanet &#187; Erleben Sie Resultate mit Nahrungserg\u00e4nzung","og_description":"[vc_row css_animation=&#8221;&#8221; row_type=&#8221;row&#8221; use_row_as_full_screen_section=&#8221;no&#8221; type=&#8221;grid&#8221; angled_section=&#8221;no&#8221; text_align=&#8221;left&#8221; background_image_as_pattern=&#8221;without_pattern&#8221; z_index=&#8221;&#8221; css=&#8221;.vc_custom_1607343423531{margin-top: 150px !important;background-position: center !important;background-repeat: no-repeat !important;background-size: cover !important;}&#8221;][vc_column width=&#8221;2\/3&#8243;][vc_column_text] Benessere La salute \u00e8 lo stato di completo benessere fisico, mentale e sociale e non solo l&#8217;assenza di malattie e infermit\u00e0. (Definizione dell&#8217;WHO) Il modo migliore...","og_url":"https:\/\/fitplanet.ch\/benessere\/?lang=it","og_site_name":"fitplanet","article_modified_time":"2025-07-02T13:27:21+00:00","og_image":[{"width":2560,"height":1707,"url":"https:\/\/fitplanet.ch\/wp-content\/uploads\/2020\/11\/mineral-water-1532300-scaled.jpg","type":"image\/jpeg"}],"twitter_card":"summary_large_image","twitter_misc":{"Tempo di lettura stimato":"5 minuti"},"schema":{"@context":"https:\/\/schema.org","@graph":[{"@type":"WebPage","@id":"https:\/\/fitplanet.ch\/benessere\/?lang=it","url":"https:\/\/fitplanet.ch\/benessere\/?lang=it","name":"Benessere &#187; fitplanet &#187; Erleben Sie Resultate mit Nahrungserg\u00e4nzung","isPartOf":{"@id":"https:\/\/fitplanet.ch\/#website"},"primaryImageOfPage":{"@id":"https:\/\/fitplanet.ch\/benessere\/?lang=it#primaryimage"},"image":{"@id":"https:\/\/fitplanet.ch\/benessere\/?lang=it#primaryimage"},"thumbnailUrl":"https:\/\/fitplanet.ch\/wp-content\/uploads\/2020\/11\/mineral-water-1532300-scaled.jpg","datePublished":"2020-11-23T14:51:50+00:00","dateModified":"2025-07-02T13:27:21+00:00","breadcrumb":{"@id":"https:\/\/fitplanet.ch\/benessere\/?lang=it#breadcrumb"},"inLanguage":"it-IT","potentialAction":[{"@type":"ReadAction","target":["https:\/\/fitplanet.ch\/benessere\/?lang=it"]}]},{"@type":"ImageObject","inLanguage":"it-IT","@id":"https:\/\/fitplanet.ch\/benessere\/?lang=it#primaryimage","url":"https:\/\/fitplanet.ch\/wp-content\/uploads\/2020\/11\/mineral-water-1532300-scaled.jpg","contentUrl":"https:\/\/fitplanet.ch\/wp-content\/uploads\/2020\/11\/mineral-water-1532300-scaled.jpg","width":2560,"height":1707,"caption":"Wohlbefinden"},{"@type":"BreadcrumbList","@id":"https:\/\/fitplanet.ch\/benessere\/?lang=it#breadcrumb","itemListElement":[{"@type":"ListItem","position":1,"name":"Startseite","item":"https:\/\/fitplanet.ch\/it\/"},{"@type":"ListItem","position":2,"name":"Benessere"}]},{"@type":"WebSite","@id":"https:\/\/fitplanet.ch\/#website","url":"https:\/\/fitplanet.ch\/","name":"fitplanet","description":"Erleben Sie Resultate mit Nahrungserg\u00e4nzung","publisher":{"@id":"https:\/\/fitplanet.ch\/#organization"},"potentialAction":[{"@type":"SearchAction","target":{"@type":"EntryPoint","urlTemplate":"https:\/\/fitplanet.ch\/?s={search_term_string}"},"query-input":{"@type":"PropertyValueSpecification","valueRequired":true,"valueName":"search_term_string"}}],"inLanguage":"it-IT"},{"@type":"Organization","@id":"https:\/\/fitplanet.ch\/#organization","name":"Fitplanet","url":"https:\/\/fitplanet.ch\/","logo":{"@type":"ImageObject","inLanguage":"it-IT","@id":"https:\/\/fitplanet.ch\/#\/schema\/logo\/image\/","url":"https:\/\/fitplanet.ch\/wp-content\/uploads\/2020\/11\/prov-logo-1-e1606121755379.png","contentUrl":"https:\/\/fitplanet.ch\/wp-content\/uploads\/2020\/11\/prov-logo-1-e1606121755379.png","width":494,"height":124,"caption":"Fitplanet"},"image":{"@id":"https:\/\/fitplanet.ch\/#\/schema\/logo\/image\/"}}]}},"_links":{"self":[{"href":"https:\/\/fitplanet.ch\/it\/wp-json\/wp\/v2\/pages\/675","targetHints":{"allow":["GET"]}}],"collection":[{"href":"https:\/\/fitplanet.ch\/it\/wp-json\/wp\/v2\/pages"}],"about":[{"href":"https:\/\/fitplanet.ch\/it\/wp-json\/wp\/v2\/types\/page"}],"author":[{"embeddable":true,"href":"https:\/\/fitplanet.ch\/it\/wp-json\/wp\/v2\/users\/1"}],"replies":[{"embeddable":true,"href":"https:\/\/fitplanet.ch\/it\/wp-json\/wp\/v2\/comments?post=675"}],"version-history":[{"count":23,"href":"https:\/\/fitplanet.ch\/it\/wp-json\/wp\/v2\/pages\/675\/revisions"}],"predecessor-version":[{"id":2675,"href":"https:\/\/fitplanet.ch\/it\/wp-json\/wp\/v2\/pages\/675\/revisions\/2675"}],"wp:featuredmedia":[{"embeddable":true,"href":"https:\/\/fitplanet.ch\/it\/wp-json\/wp\/v2\/media\/765"}],"wp:attachment":[{"href":"https:\/\/fitplanet.ch\/it\/wp-json\/wp\/v2\/media?parent=675"}],"curies":[{"name":"wp","href":"https:\/\/api.w.org\/{rel}","templated":true}]}}